{"id":2212,"date":"2025-04-10T08:19:15","date_gmt":"2025-04-10T08:19:15","guid":{"rendered":"https:\/\/elektroniniu-svetainiu-kurimas.lt\/practicus\/?page_id=2212"},"modified":"2025-04-10T08:30:30","modified_gmt":"2025-04-10T08:30:30","slug":"egle-rastene","status":"publish","type":"page","link":"https:\/\/elektroniniu-svetainiu-kurimas.lt\/practicus\/egle-rastene\/","title":{"rendered":"Egl\u0117 Rasten\u0117"},"content":{"rendered":"<style>.kb-row-layout-id2212_c0e395-a3 > .kt-row-column-wrap{align-content:center;}:where(.kb-row-layout-id2212_c0e395-a3 > .kt-row-column-wrap) > .wp-block-kadence-column{justify-content:center;}.kb-row-layout-id2212_c0e395-a3 > .kt-row-column-wrap{column-gap:var(--global-kb-gap-md, 2rem);row-gap:var(--global-kb-gap-md, 2rem);padding-top:var(--global-kb-spacing-sm, 1.5rem);padding-bottom:var(--global-kb-spacing-sm, 1.5rem);min-height:600px;grid-template-columns:minmax(0, 1fr);}.kb-row-layout-id2212_c0e395-a3{background-image:url('https:\/\/elektroniniu-svetainiu-kurimas.lt\/practicus\/wp-content\/uploads\/2025\/04\/ozkan-guner-Ecky4VA_iss-unsplash.jpg');background-size:cover;background-position:48% 74%;background-attachment:scroll;background-repeat:no-repeat;}.kb-row-layout-id2212_c0e395-a3 > .kt-row-layout-overlay{opacity:0.46;background-color:var(--theme-palette-color-2, #61564a);}@media all and (max-width: 1024px){.kb-row-layout-id2212_c0e395-a3 > .kt-row-column-wrap{padding-top:var(--global-kb-spacing-sm, 1.5rem);min-height:400px;grid-template-columns:minmax(0, 1fr);}}@media all and (max-width: 767px){.kb-row-layout-id2212_c0e395-a3 > .kt-row-column-wrap{min-height:400px;grid-template-columns:minmax(0, 1fr);}}<\/style><div class=\"kb-row-layout-wrap kb-row-layout-id2212_c0e395-a3 alignfull kt-row-has-bg wp-block-kadence-rowlayout\"><div class=\"kt-row-layout-overlay kt-row-overlay-normal\"><\/div><div class=\"kt-row-column-wrap kt-has-1-columns kt-row-layout-equal kt-tab-layout-inherit kt-mobile-layout-row kt-row-valign-middle\">\n<style>.kadence-column2212_5ddfd6-67 > .kt-inside-inner-col{display:flex;}.kadence-column2212_5ddfd6-67 > .kt-inside-inner-col,.kadence-column2212_5ddfd6-67 > .kt-inside-inner-col:before{border-top-left-radius:0px;border-top-right-radius:0px;border-bottom-right-radius:0px;border-bottom-left-radius:0px;}.kadence-column2212_5ddfd6-67 > .kt-inside-inner-col{column-gap:var(--global-kb-gap-sm, 1rem);}.kadence-column2212_5ddfd6-67 > .kt-inside-inner-col{flex-direction:column;align-items:center;}.kadence-column2212_5ddfd6-67 > .kt-inside-inner-col > .kb-image-is-ratio-size{align-self:stretch;}.kadence-column2212_5ddfd6-67 > .kt-inside-inner-col > .wp-block-kadence-advancedgallery{align-self:stretch;}.kadence-column2212_5ddfd6-67 > .kt-inside-inner-col > .aligncenter{width:100%;}.kadence-column2212_5ddfd6-67 > .kt-inside-inner-col:before{opacity:0.3;}.kadence-column2212_5ddfd6-67{position:relative;}@media all and (max-width: 1024px){.kadence-column2212_5ddfd6-67 > .kt-inside-inner-col{flex-direction:column;justify-content:center;align-items:center;}}@media all and (max-width: 767px){.kadence-column2212_5ddfd6-67 > .kt-inside-inner-col{flex-direction:column;justify-content:center;align-items:center;}}<\/style>\n<div class=\"wp-block-kadence-column kadence-column2212_5ddfd6-67\"><div class=\"kt-inside-inner-col\">\n\n<style>.wp-block-kadence-advancedheading.kt-adv-heading2212_f257c2-a8, .wp-block-kadence-advancedheading.kt-adv-heading2212_f257c2-a8[data-kb-block=\"kb-adv-heading2212_f257c2-a8\"]{text-align:center;font-style:normal;text-transform:none;}.wp-block-kadence-advancedheading.kt-adv-heading2212_f257c2-a8 mark.kt-highlight, .wp-block-kadence-advancedheading.kt-adv-heading2212_f257c2-a8[data-kb-block=\"kb-adv-heading2212_f257c2-a8\"] mark.kt-highlight{font-style:normal;color:#f76a0c;-webkit-box-decoration-break:clone;box-decoration-break:clone;padding-top:0px;padding-right:0px;padding-bottom:0px;padding-left:0px;}<\/style>\n<h1 class=\"kt-adv-heading2212_f257c2-a8 wp-block-kadence-advancedheading has-palette-color-8-color has-text-color\" data-kb-block=\"kb-adv-heading2212_f257c2-a8\">Egl\u0117 Rasten\u0117<\/h1>\n<\/div><\/div>\n\n<\/div><\/div>\n\n<style>.kb-row-layout-id2212_d4c03b-8a > .kt-row-column-wrap{align-content:start;}:where(.kb-row-layout-id2212_d4c03b-8a > .kt-row-column-wrap) > .wp-block-kadence-column{justify-content:start;}.kb-row-layout-id2212_d4c03b-8a > .kt-row-column-wrap{column-gap:var(--global-kb-gap-md, 2rem);row-gap:var(--global-kb-gap-md, 2rem);padding-top:var(--global-kb-spacing-xl, 4rem);padding-bottom:var(--global-kb-spacing-xl, 4rem);grid-template-columns:repeat(2, minmax(0, 1fr));}.kb-row-layout-id2212_d4c03b-8a > .kt-row-layout-overlay{opacity:0.30;}@media all and (max-width: 1024px){.kb-row-layout-id2212_d4c03b-8a > .kt-row-column-wrap{grid-template-columns:repeat(2, minmax(0, 1fr));}}@media all and (max-width: 767px){.kb-row-layout-id2212_d4c03b-8a > .kt-row-column-wrap{grid-template-columns:minmax(0, 1fr);}}<\/style><div class=\"kb-row-layout-wrap kb-row-layout-id2212_d4c03b-8a alignnone wp-block-kadence-rowlayout\"><div class=\"kt-row-column-wrap kt-has-2-columns kt-row-layout-equal kt-tab-layout-inherit kt-mobile-layout-row kt-row-valign-top\">\n<style>.kadence-column2212_d51c59-89 > .kt-inside-inner-col,.kadence-column2212_d51c59-89 > .kt-inside-inner-col:before{border-top-left-radius:0px;border-top-right-radius:0px;border-bottom-right-radius:0px;border-bottom-left-radius:0px;}.kadence-column2212_d51c59-89 > .kt-inside-inner-col{column-gap:var(--global-kb-gap-sm, 1rem);}.kadence-column2212_d51c59-89 > .kt-inside-inner-col{flex-direction:column;}.kadence-column2212_d51c59-89 > .kt-inside-inner-col > .aligncenter{width:100%;}.kadence-column2212_d51c59-89 > .kt-inside-inner-col:before{opacity:0.3;}.kadence-column2212_d51c59-89{position:relative;}@media all and (max-width: 1024px){.kadence-column2212_d51c59-89 > .kt-inside-inner-col{flex-direction:column;justify-content:center;}}@media all and (max-width: 767px){.kadence-column2212_d51c59-89 > .kt-inside-inner-col{flex-direction:column;justify-content:center;}}<\/style>\n<div class=\"wp-block-kadence-column kadence-column2212_d51c59-89\"><div class=\"kt-inside-inner-col\"><style>.kb-image2212_7539d4-34.kb-image-is-ratio-size, .kb-image2212_7539d4-34 .kb-image-is-ratio-size{max-width:500px;width:100%;}.wp-block-kadence-column > .kt-inside-inner-col > .kb-image2212_7539d4-34.kb-image-is-ratio-size, .wp-block-kadence-column > .kt-inside-inner-col > .kb-image2212_7539d4-34 .kb-image-is-ratio-size{align-self:unset;}.kb-image2212_7539d4-34 figure{max-width:500px;}.kb-image2212_7539d4-34 .image-is-svg, .kb-image2212_7539d4-34 .image-is-svg img{width:100%;}.kb-image2212_7539d4-34 .kb-image-has-overlay:after{opacity:0.3;}<\/style>\n<div class=\"wp-block-kadence-image kb-image2212_7539d4-34\"><figure class=\"aligncenter size-large\"><img loading=\"lazy\" decoding=\"async\" width=\"683\" height=\"1024\" src=\"https:\/\/elektroniniu-svetainiu-kurimas.lt\/practicus\/wp-content\/uploads\/2025\/04\/EGLE-RASTENE-683x1024.webp\" alt=\"\" class=\"kb-img wp-image-2191\" srcset=\"https:\/\/elektroniniu-svetainiu-kurimas.lt\/practicus\/wp-content\/uploads\/2025\/04\/EGLE-RASTENE-683x1024.webp 683w, https:\/\/elektroniniu-svetainiu-kurimas.lt\/practicus\/wp-content\/uploads\/2025\/04\/EGLE-RASTENE-200x300.webp 200w, https:\/\/elektroniniu-svetainiu-kurimas.lt\/practicus\/wp-content\/uploads\/2025\/04\/EGLE-RASTENE-768x1152.webp 768w, https:\/\/elektroniniu-svetainiu-kurimas.lt\/practicus\/wp-content\/uploads\/2025\/04\/EGLE-RASTENE.webp 1000w\" sizes=\"auto, (max-width: 683px) 100vw, 683px\" \/><\/figure><\/div>\n<\/div><\/div>\n\n\n<style>.kadence-column2212_bbc202-65 > .kt-inside-inner-col,.kadence-column2212_bbc202-65 > .kt-inside-inner-col:before{border-top-left-radius:0px;border-top-right-radius:0px;border-bottom-right-radius:0px;border-bottom-left-radius:0px;}.kadence-column2212_bbc202-65 > .kt-inside-inner-col{column-gap:var(--global-kb-gap-sm, 1rem);}.kadence-column2212_bbc202-65 > .kt-inside-inner-col{flex-direction:column;}.kadence-column2212_bbc202-65 > .kt-inside-inner-col > .aligncenter{width:100%;}.kadence-column2212_bbc202-65 > .kt-inside-inner-col:before{opacity:0.3;}.kadence-column2212_bbc202-65{position:relative;}@media all and (max-width: 1024px){.kadence-column2212_bbc202-65 > .kt-inside-inner-col{flex-direction:column;justify-content:center;}}@media all and (max-width: 767px){.kadence-column2212_bbc202-65 > .kt-inside-inner-col{flex-direction:column;justify-content:center;}}<\/style>\n<div class=\"wp-block-kadence-column kadence-column2212_bbc202-65\"><div class=\"kt-inside-inner-col\"><style>.wp-block-kadence-advancedheading.kt-adv-heading2212_fef029-24, .wp-block-kadence-advancedheading.kt-adv-heading2212_fef029-24[data-kb-block=\"kb-adv-heading2212_fef029-24\"]{font-size:var(--global-kb-font-size-lg, 2rem);font-style:normal;}.wp-block-kadence-advancedheading.kt-adv-heading2212_fef029-24 mark.kt-highlight, .wp-block-kadence-advancedheading.kt-adv-heading2212_fef029-24[data-kb-block=\"kb-adv-heading2212_fef029-24\"] mark.kt-highlight{font-style:normal;color:#f76a0c;-webkit-box-decoration-break:clone;box-decoration-break:clone;padding-top:0px;padding-right:0px;padding-bottom:0px;padding-left:0px;}<\/style>\n<p class=\"kt-adv-heading2212_fef029-24 wp-block-kadence-advancedheading\" data-kb-block=\"kb-adv-heading2212_fef029-24\">Egl\u0117 Rasten\u0117<\/p>\n\n\n\n<p><\/p>\n<\/div><\/div>\n\n<\/div><\/div>","protected":false},"excerpt":{"rendered":"<p>Egl\u0117 Rasten\u0117 Egl\u0117 Rasten\u0117<\/p>\n","protected":false},"author":1,"featured_media":0,"parent":0,"menu_order":0,"comment_status":"closed","ping_status":"closed","template":"","meta":{"_gspb_post_css":"","_kad_blocks_custom_css":"","_kad_blocks_head_custom_js":"","_kad_blocks_body_custom_js":"","_kad_blocks_footer_custom_js":"","footnotes":""},"class_list":["post-2212","page","type-page","status-publish","hentry"],"blocksy_meta":{"has_hero_section":"disabled","styles_descriptor":{"styles":{"desktop":"","tablet":"","mobile":""},"google_fonts":[],"version":6}},"taxonomy_info":[],"featured_image_src_large":false,"author_info":{"display_name":"admin","author_link":"https:\/\/elektroniniu-svetainiu-kurimas.lt\/practicus\/author\/admin\/"},"comment_info":0,"_links":{"self":[{"href":"https:\/\/elektroniniu-svetainiu-kurimas.lt\/practicus\/wp-json\/wp\/v2\/pages\/2212","targetHints":{"allow":["GET"]}}],"collection":[{"href":"https:\/\/elektroniniu-svetainiu-kurimas.lt\/practicus\/wp-json\/wp\/v2\/pages"}],"about":[{"href":"https:\/\/elektroniniu-svetainiu-kurimas.lt\/practicus\/wp-json\/wp\/v2\/types\/page"}],"author":[{"embeddable":true,"href":"https:\/\/elektroniniu-svetainiu-kurimas.lt\/practicus\/wp-json\/wp\/v2\/users\/1"}],"replies":[{"embeddable":true,"href":"https:\/\/elektroniniu-svetainiu-kurimas.lt\/practicus\/wp-json\/wp\/v2\/comments?post=2212"}],"version-history":[{"count":2,"href":"https:\/\/elektroniniu-svetainiu-kurimas.lt\/practicus\/wp-json\/wp\/v2\/pages\/2212\/revisions"}],"predecessor-version":[{"id":2228,"href":"https:\/\/elektroniniu-svetainiu-kurimas.lt\/practicus\/wp-json\/wp\/v2\/pages\/2212\/revisions\/2228"}],"wp:attachment":[{"href":"https:\/\/elektroniniu-svetainiu-kurimas.lt\/practicus\/wp-json\/wp\/v2\/media?parent=2212"}],"curies":[{"name":"wp","href":"https:\/\/api.w.org\/{rel}","templated":true}]}}