{"id":1474,"date":"2025-04-03T10:57:29","date_gmt":"2025-04-03T10:57:29","guid":{"rendered":"https:\/\/elektroniniu-svetainiu-kurimas.lt\/practicus\/?page_id=1474"},"modified":"2025-04-07T07:06:53","modified_gmt":"2025-04-07T07:06:53","slug":"dantu-balinimas","status":"publish","type":"page","link":"https:\/\/elektroniniu-svetainiu-kurimas.lt\/practicus\/dantu-balinimas\/","title":{"rendered":"Dant\u0173 balinimas"},"content":{"rendered":"<style>.kb-row-layout-id1474_eda812-6d > .kt-row-column-wrap{align-content:center;}:where(.kb-row-layout-id1474_eda812-6d > .kt-row-column-wrap) > .wp-block-kadence-column{justify-content:center;}.kb-row-layout-id1474_eda812-6d > .kt-row-column-wrap{column-gap:var(--global-kb-gap-md, 2rem);row-gap:var(--global-kb-gap-md, 2rem);padding-top:var(--global-kb-spacing-sm, 1.5rem);padding-bottom:var(--global-kb-spacing-sm, 1.5rem);min-height:600px;grid-template-columns:minmax(0, 1fr);}.kb-row-layout-id1474_eda812-6d{background-image:url('https:\/\/elektroniniu-svetainiu-kurimas.lt\/practicus\/wp-content\/uploads\/2025\/04\/dantu-balinimas.jpg');background-size:cover;background-position:56.00000000000001% 20%;background-attachment:scroll;background-repeat:no-repeat;}.kb-row-layout-id1474_eda812-6d > .kt-row-layout-overlay{opacity:0.45;background-color:var(--theme-palette-color-2, #61564a);mix-blend-mode:normal;}@media all and (max-width: 1024px){.kb-row-layout-id1474_eda812-6d > .kt-row-column-wrap{padding-top:var(--global-kb-spacing-sm, 1.5rem);min-height:400px;grid-template-columns:minmax(0, 1fr);}}@media all and (max-width: 767px){.kb-row-layout-id1474_eda812-6d > .kt-row-column-wrap{min-height:400px;grid-template-columns:minmax(0, 1fr);}}<\/style><div class=\"kb-row-layout-wrap kb-row-layout-id1474_eda812-6d alignfull kt-row-has-bg wp-block-kadence-rowlayout\"><div class=\"kt-row-layout-overlay kt-row-overlay-normal\"><\/div><div class=\"kt-row-column-wrap kt-has-1-columns kt-row-layout-equal kt-tab-layout-inherit kt-mobile-layout-row kt-row-valign-middle\">\n<style>.kadence-column1474_49aed9-b5 > .kt-inside-inner-col{display:flex;}.kadence-column1474_49aed9-b5 > .kt-inside-inner-col,.kadence-column1474_49aed9-b5 > .kt-inside-inner-col:before{border-top-left-radius:0px;border-top-right-radius:0px;border-bottom-right-radius:0px;border-bottom-left-radius:0px;}.kadence-column1474_49aed9-b5 > .kt-inside-inner-col{column-gap:var(--global-kb-gap-sm, 1rem);}.kadence-column1474_49aed9-b5 > .kt-inside-inner-col{flex-direction:column;align-items:center;}.kadence-column1474_49aed9-b5 > .kt-inside-inner-col > .kb-image-is-ratio-size{align-self:stretch;}.kadence-column1474_49aed9-b5 > .kt-inside-inner-col > .wp-block-kadence-advancedgallery{align-self:stretch;}.kadence-column1474_49aed9-b5 > .kt-inside-inner-col > .aligncenter{width:100%;}.kadence-column1474_49aed9-b5 > .kt-inside-inner-col:before{opacity:0.3;}.kadence-column1474_49aed9-b5{position:relative;}@media all and (max-width: 1024px){.kadence-column1474_49aed9-b5 > .kt-inside-inner-col{flex-direction:column;justify-content:center;align-items:center;}}@media all and (max-width: 767px){.kadence-column1474_49aed9-b5 > .kt-inside-inner-col{flex-direction:column;justify-content:center;align-items:center;}}<\/style>\n<div class=\"wp-block-kadence-column kadence-column1474_49aed9-b5\"><div class=\"kt-inside-inner-col\">\n\n<style>.wp-block-kadence-advancedheading.kt-adv-heading1474_b3a30f-fa, .wp-block-kadence-advancedheading.kt-adv-heading1474_b3a30f-fa[data-kb-block=\"kb-adv-heading1474_b3a30f-fa\"]{text-align:center;font-style:normal;text-transform:none;}.wp-block-kadence-advancedheading.kt-adv-heading1474_b3a30f-fa mark.kt-highlight, .wp-block-kadence-advancedheading.kt-adv-heading1474_b3a30f-fa[data-kb-block=\"kb-adv-heading1474_b3a30f-fa\"] mark.kt-highlight{font-style:normal;color:#f76a0c;-webkit-box-decoration-break:clone;box-decoration-break:clone;padding-top:0px;padding-right:0px;padding-bottom:0px;padding-left:0px;}<\/style>\n<h1 class=\"kt-adv-heading1474_b3a30f-fa wp-block-kadence-advancedheading has-palette-color-8-color has-text-color\" data-kb-block=\"kb-adv-heading1474_b3a30f-fa\">Dant\u0173 balinimas<\/h1>\n<\/div><\/div>\n\n<\/div><\/div>\n\n\n<div class=\"wp-block-stackable-columns stk-block-columns stk-block stk-0743b1c\" data-block-id=\"0743b1c\"><style>.stk-0743b1c {margin-top:130px !important;margin-bottom:0px !important;bottom:30px !important;}.stk-0743b1c-column{--stk-column-gap:100px !important;row-gap:50px !important;}@media screen and (max-width:999px){.stk-0743b1c {top:-77px !important;}.stk-0743b1c-column{--stk-column-gap:30px !important;}}<\/style><div class=\"stk-row stk-inner-blocks has-text-align-left stk-block-content stk-content-align stk-0743b1c-column\">\n<div class=\"wp-block-stackable-column stk-block-column stk-column stk-block stk-eb6a14f\" data-v=\"4\" data-block-id=\"eb6a14f\"><style>.stk-eb6a14f-container{margin-top:0px !important;margin-right:0px !important;margin-bottom:0px !important;margin-left:0px !important;}.stk-eb6a14f {align-self:center !important;}@media screen and (min-width:690px){.stk-eb6a14f {flex:var(--stk-flex-grow, 1) 1 calc(42.6% - var(--stk-column-gap, 0px) * 1 \/ 2 ) !important;}}<\/style><div class=\"stk-column-wrapper stk-block-column__content stk-container stk-eb6a14f-container stk--no-background stk--no-padding\"><div class=\"has-text-align-left-mobile stk-block-content stk-inner-blocks stk-eb6a14f-inner-blocks\"><style>.wp-block-kadence-advancedheading.kt-adv-heading1474_9ea6e9-02, .wp-block-kadence-advancedheading.kt-adv-heading1474_9ea6e9-02[data-kb-block=\"kb-adv-heading1474_9ea6e9-02\"]{text-align:left;font-size:30px;font-style:normal;text-transform:none;}.wp-block-kadence-advancedheading.kt-adv-heading1474_9ea6e9-02 mark.kt-highlight, .wp-block-kadence-advancedheading.kt-adv-heading1474_9ea6e9-02[data-kb-block=\"kb-adv-heading1474_9ea6e9-02\"] mark.kt-highlight{font-style:normal;color:#f76a0c;-webkit-box-decoration-break:clone;box-decoration-break:clone;padding-top:0px;padding-right:0px;padding-bottom:0px;padding-left:0px;}<\/style>\n<h2 class=\"kt-adv-heading1474_9ea6e9-02 wp-block-kadence-advancedheading\" data-kb-block=\"kb-adv-heading1474_9ea6e9-02\">Dant\u0173 balinimas<\/h2>\n\n\n\n<p class=\"has-text-align-left\">Dant\u0173 spalvos pakitimus da\u017eniausiai sukelia:<\/p>\n\n\n\n<ul class=\"wp-block-list\">\n<li>da\u017ean\u010di\u0173 produkt\u0173 vartojimas, toki\u0173 kaip: kava, arbata, raudonasis vynas, tabakas;<\/li>\n\n\n\n<li>sen\u0117jimo procesas;<\/li>\n\n\n\n<li>formuojantis dantims, tetraciklino ar kit\u0173 grupi\u0173&nbsp; antibiotik\u0173 vartojimas.<\/li>\n<\/ul>\n\n\n\n<p>Dant\u0173 balinimas&nbsp;&#8211; pats papras\u010diausias b\u016bdas kiekvienam \u017emogui tur\u0117ti gra\u017ei\u0105 \u0161ypsen\u0105. Tai saugi, neskausminga proced\u016bra. Prie\u0161 balinim\u0105, rekomenduojama atlikti profesionali\u0105 burnos higien\u0105.<\/p>\n\n\n\n<p>Svarbu nepamir\u0161ti tai, kad plombos, kar\u016bn\u0117l\u0117s ir kitos restauracijos naudojamos odontologijoje nebalinamos, tod\u0117l plombavimas ir protezavimas turi b\u016bti atliekami po balinimo, pritaikant spalv\u0105 prie esam\u0173 dant\u0173.<\/p>\n<\/div><\/div><\/div>\n\n\n\n<div class=\"wp-block-stackable-column stk-block-column stk-column stk-block stk-e3b78ad stk-block-background stk--has-background-overlay\" data-v=\"4\" data-block-id=\"e3b78ad\"><style>.stk-e3b78ad-container{margin-top:0px !important;margin-right:0px !important;margin-bottom:0px !important;margin-left:0px !important;}.stk-e3b78ad {background-image:url(https:\/\/elektroniniu-svetainiu-kurimas.lt\/practicus\/wp-content\/uploads\/2025\/04\/dantu-balinimas-kaune.jpg) !important;}@media screen and (min-width:690px){.stk-e3b78ad {flex:var(--stk-flex-grow, 1) 1 calc(57.4% - var(--stk-column-gap, 0px) * 1 \/ 2 ) !important;}}<\/style><div class=\"stk-column-wrapper stk-block-column__content stk-container stk-e3b78ad-container stk--no-background stk--no-padding\"><div class=\"stk-block-content stk-inner-blocks stk-e3b78ad-inner-blocks\">\n<div class=\"wp-block-stackable-spacer stk-block-spacer stk--no-padding stk-block stk-57b362f\" data-block-id=\"57b362f\"><style>.stk-57b362f {height:400px !important;}<\/style><\/div>\n<\/div><\/div><\/div>\n<\/div><\/div>\n\n\n\n<div class=\"wp-block-stackable-columns stk-block-columns stk-block stk-9b8287c\" data-block-id=\"9b8287c\"><div class=\"stk-row stk-inner-blocks stk-block-content stk-content-align stk-9b8287c-column\">\n<div class=\"wp-block-stackable-column stk-block-column stk-column stk-block stk-e7f3d82\" data-v=\"4\" data-block-id=\"e7f3d82\"><div class=\"stk-column-wrapper stk-block-column__content stk-container stk-e7f3d82-container stk--no-background stk--no-padding\"><div class=\"stk-block-content stk-inner-blocks stk-e7f3d82-inner-blocks\">\n<p>Taip pat dant\u0173 balinti nerekomenduojama:<\/p>\n\n\n\n<ul class=\"wp-block-list\">\n<li>n\u0117\u0161\u010diosioms,<\/li>\n\n\n\n<li>maitinan\u010dioms mamoms,<\/li>\n\n\n\n<li>ne\u0161iojantiems breketus,<\/li>\n\n\n\n<li>turin\u010dius \u012fgimtas emalio patologijas,<\/li>\n\n\n\n<li>turintiems alergij\u0105 peroksidui,<\/li>\n\n\n\n<li>asmenims, sergantiems danten\u0173 ligomis, turintiems karies\u0105 dantyse ar danten\u0173 daugybin\u0119 recesij\u0105 (atsitraukim\u0105),<\/li>\n\n\n\n<li>vaikams iki 16 met\u0173, nes j\u0173 pulpos kamera, nervas bei dentino kanalai labai plat\u016bs. Balinimas gali pa\u017eeisti nerv\u0105, ar sukelti ilgalaik\u012f jautrum\u0105.<\/li>\n<\/ul>\n\n\n\n<p>M\u016bs\u0173 klinikoje si\u016blomi keli dant\u0173 balinamo b\u016bdai, naudojant auk\u0161tos kokyb\u0117s&nbsp;<strong>Opalescence firmos med\u017eiagas.<\/strong><\/p>\n<\/div><\/div><\/div>\n<\/div><\/div>\n\n\n\n<div class=\"wp-block-stackable-columns stk-block-columns stk-block stk-2a79447\" data-block-id=\"2a79447\"><div class=\"stk-row stk-inner-blocks stk-block-content stk-content-align stk-2a79447-column\">\n<div class=\"wp-block-stackable-column stk-block-column stk-column stk-block stk-66ec2d9\" data-v=\"4\" data-block-id=\"66ec2d9\"><div class=\"stk-column-wrapper stk-block-column__content stk-container stk-66ec2d9-container stk--no-background stk--no-padding\"><div class=\"stk-block-content stk-inner-blocks stk-66ec2d9-inner-blocks\"><style>.kb-row-layout-id1474_743f2f-61 > .kt-row-column-wrap{align-content:start;}:where(.kb-row-layout-id1474_743f2f-61 > .kt-row-column-wrap) > .wp-block-kadence-column{justify-content:start;}.kb-row-layout-id1474_743f2f-61 > .kt-row-column-wrap{column-gap:var(--global-kb-gap-md, 2rem);row-gap:var(--global-kb-gap-md, 2rem);padding-top:var(--global-kb-spacing-sm, 1.5rem);padding-bottom:var(--global-kb-spacing-sm, 1.5rem);grid-template-columns:minmax(0, 1fr);}.kb-row-layout-id1474_743f2f-61 > .kt-row-layout-overlay{opacity:0.30;}@media all and (max-width:1000px){.kb-row-layout-id1474_743f2f-61 > .kt-row-column-wrap{grid-template-columns:minmax(0, 1fr);}}@media all and (max-width:689px){.kb-row-layout-id1474_743f2f-61 > .kt-row-column-wrap{grid-template-columns:minmax(0, 1fr);}}<\/style><div class=\"kb-row-layout-wrap kb-row-layout-id1474_743f2f-61 alignnone wp-block-kadence-rowlayout\"><div class=\"kt-row-column-wrap kt-has-1-columns kt-row-layout-equal kt-tab-layout-inherit kt-mobile-layout-row kt-row-valign-top\">\n<style>.kadence-column1474_7f91b1-12 > .kt-inside-inner-col,.kadence-column1474_7f91b1-12 > .kt-inside-inner-col:before{border-top-left-radius:0px;border-top-right-radius:0px;border-bottom-right-radius:0px;border-bottom-left-radius:0px;}.kadence-column1474_7f91b1-12 > .kt-inside-inner-col{column-gap:var(--global-kb-gap-sm, 1rem);}.kadence-column1474_7f91b1-12 > .kt-inside-inner-col{flex-direction:column;}.kadence-column1474_7f91b1-12 > .kt-inside-inner-col > .aligncenter{width:100%;}.kadence-column1474_7f91b1-12 > .kt-inside-inner-col:before{opacity:0.3;}.kadence-column1474_7f91b1-12{position:relative;}@media all and (max-width:1000px){.kadence-column1474_7f91b1-12 > .kt-inside-inner-col{flex-direction:column;justify-content:center;}}@media all and (max-width:689px){.kadence-column1474_7f91b1-12 > .kt-inside-inner-col{flex-direction:column;justify-content:center;}}<\/style>\n<div class=\"wp-block-kadence-column kadence-column1474_7f91b1-12\"><div class=\"kt-inside-inner-col\"><style>.wp-block-kadence-advancedheading.kt-adv-heading1474_932d06-07, .wp-block-kadence-advancedheading.kt-adv-heading1474_932d06-07[data-kb-block=\"kb-adv-heading1474_932d06-07\"]{font-size:var(--global-kb-font-size-md, 1.25rem);font-style:normal;}.wp-block-kadence-advancedheading.kt-adv-heading1474_932d06-07 mark.kt-highlight, .wp-block-kadence-advancedheading.kt-adv-heading1474_932d06-07[data-kb-block=\"kb-adv-heading1474_932d06-07\"] mark.kt-highlight{font-style:normal;color:#f76a0c;-webkit-box-decoration-break:clone;box-decoration-break:clone;padding-top:0px;padding-right:0px;padding-bottom:0px;padding-left:0px;}<\/style>\n<h3 class=\"kt-adv-heading1474_932d06-07 wp-block-kadence-advancedheading\" data-kb-block=\"kb-adv-heading1474_932d06-07\">Namin\u0117 balinimo sistema:<\/h3>\n\n\n\n<p>Balindamas dantis namuose pacientas naudoja specialiai jam pagamintas dant\u0173 kapas. Jos pripildomos specialaus balinimo gelio ir u\u017ededamos&nbsp; ant dant\u0173. Balinimo kapos d\u0117vimos apie dvi valandas dienos metu arba ilgiau, priklausomai nuo balinimo gelyje esan\u010dio peroksido stiprumo. Toks dant\u0173 balinimas gali trukti nuo vienos iki dviej\u0173 savai\u010di\u0173.&nbsp;<\/p>\n\n\n<style>.wp-block-kadence-advancedheading.kt-adv-heading1474_986312-49, .wp-block-kadence-advancedheading.kt-adv-heading1474_986312-49[data-kb-block=\"kb-adv-heading1474_986312-49\"]{font-size:var(--global-kb-font-size-md, 1.25rem);font-style:normal;}.wp-block-kadence-advancedheading.kt-adv-heading1474_986312-49 mark.kt-highlight, .wp-block-kadence-advancedheading.kt-adv-heading1474_986312-49[data-kb-block=\"kb-adv-heading1474_986312-49\"] mark.kt-highlight{font-style:normal;color:#f76a0c;-webkit-box-decoration-break:clone;box-decoration-break:clone;padding-top:0px;padding-right:0px;padding-bottom:0px;padding-left:0px;}<\/style>\n<h3 class=\"kt-adv-heading1474_986312-49 wp-block-kadence-advancedheading\" data-kb-block=\"kb-adv-heading1474_986312-49\">Ofisin\u0117 balinimo sistema:<\/h3>\n\n\n\n<p>\u0160is dant\u0173 balinimas atliekamas odontologo kabinete ir trunka apie vien\u0105 valand\u0105. Atliekant ofisin\u012f dant\u0173 balinim\u0105, ant danten\u0173 u\u017ededama specialia \u0161viesa kietinama apsauga, ant dant\u0173 tepama&nbsp;<strong>Opalescence<\/strong>&nbsp;balinimo med\u017eiaga. Siekiant maksimalaus dant\u0173 baltumo efekto patartina atlikti 2 tokias balinimo proced\u016bras. Ofisinis dant\u0173 balinimas puikiai tinka praeityje atlikto dant\u0173 balinimo atnaujinimui.<\/p>\n\n\n\n<p>Po balinimo proced\u016br\u0173 dantys kur\u012f laik\u0105 dantys b\u016bna jautresni, bet ilgainiui tai praeina.<\/p>\n<\/div><\/div>\n\n<\/div><\/div><\/div><\/div><\/div>\n<\/div><\/div>\n","protected":false},"excerpt":{"rendered":"<p>Dant\u0173 balinimas Dant\u0173 balinimas Dant\u0173 spalvos pakitimus da\u017eniausiai sukelia: Dant\u0173 balinimas&nbsp;&#8211; pats papras\u010diausias b\u016bdas kiekvienam \u017emogui tur\u0117ti gra\u017ei\u0105 \u0161ypsen\u0105. Tai saugi, neskausminga proced\u016bra. Prie\u0161 balinim\u0105, rekomenduojama atlikti profesionali\u0105 burnos higien\u0105. Svarbu nepamir\u0161ti tai, kad plombos, kar\u016bn\u0117l\u0117s ir kitos restauracijos naudojamos odontologijoje nebalinamos, tod\u0117l plombavimas ir protezavimas turi b\u016bti atliekami po balinimo, pritaikant spalv\u0105 prie esam\u0173 [&hellip;]<\/p>\n","protected":false},"author":3,"featured_media":0,"parent":0,"menu_order":0,"comment_status":"closed","ping_status":"closed","template":"","meta":{"_gspb_post_css":"","_kad_blocks_custom_css":"","_kad_blocks_head_custom_js":"","_kad_blocks_body_custom_js":"","_kad_blocks_footer_custom_js":"","footnotes":""},"class_list":["post-1474","page","type-page","status-publish","hentry"],"blocksy_meta":{"has_hero_section":"disabled","styles_descriptor":{"styles":{"desktop":"","tablet":"","mobile":""},"google_fonts":[],"version":6},"vertical_spacing_source":"custom","content_area_spacing":"bottom"},"taxonomy_info":[],"featured_image_src_large":false,"author_info":{"display_name":"Wyganp","author_link":"https:\/\/elektroniniu-svetainiu-kurimas.lt\/practicus\/author\/wyganp\/"},"comment_info":0,"_links":{"self":[{"href":"https:\/\/elektroniniu-svetainiu-kurimas.lt\/practicus\/wp-json\/wp\/v2\/pages\/1474","targetHints":{"allow":["GET"]}}],"collection":[{"href":"https:\/\/elektroniniu-svetainiu-kurimas.lt\/practicus\/wp-json\/wp\/v2\/pages"}],"about":[{"href":"https:\/\/elektroniniu-svetainiu-kurimas.lt\/practicus\/wp-json\/wp\/v2\/types\/page"}],"author":[{"embeddable":true,"href":"https:\/\/elektroniniu-svetainiu-kurimas.lt\/practicus\/wp-json\/wp\/v2\/users\/3"}],"replies":[{"embeddable":true,"href":"https:\/\/elektroniniu-svetainiu-kurimas.lt\/practicus\/wp-json\/wp\/v2\/comments?post=1474"}],"version-history":[{"count":18,"href":"https:\/\/elektroniniu-svetainiu-kurimas.lt\/practicus\/wp-json\/wp\/v2\/pages\/1474\/revisions"}],"predecessor-version":[{"id":2176,"href":"https:\/\/elektroniniu-svetainiu-kurimas.lt\/practicus\/wp-json\/wp\/v2\/pages\/1474\/revisions\/2176"}],"wp:attachment":[{"href":"https:\/\/elektroniniu-svetainiu-kurimas.lt\/practicus\/wp-json\/wp\/v2\/media?parent=1474"}],"curies":[{"name":"wp","href":"https:\/\/api.w.org\/{rel}","templated":true}]}}