{"id":1470,"date":"2025-04-03T10:57:08","date_gmt":"2025-04-03T10:57:08","guid":{"rendered":"https:\/\/elektroniniu-svetainiu-kurimas.lt\/practicus\/?page_id=1470"},"modified":"2025-04-05T15:55:07","modified_gmt":"2025-04-05T15:55:07","slug":"breketai","status":"publish","type":"page","link":"https:\/\/elektroniniu-svetainiu-kurimas.lt\/practicus\/breketai\/","title":{"rendered":"Breketai"},"content":{"rendered":"<style>.kb-row-layout-id1470_b6cf84-2d > .kt-row-column-wrap{align-content:center;}:where(.kb-row-layout-id1470_b6cf84-2d > .kt-row-column-wrap) > .wp-block-kadence-column{justify-content:center;}.kb-row-layout-id1470_b6cf84-2d > .kt-row-column-wrap{column-gap:var(--global-kb-gap-md, 2rem);row-gap:var(--global-kb-gap-md, 2rem);padding-top:var(--global-kb-spacing-sm, 1.5rem);padding-bottom:var(--global-kb-spacing-sm, 1.5rem);min-height:600px;grid-template-columns:minmax(0, 1fr);}.kb-row-layout-id1470_b6cf84-2d{background-image:url('https:\/\/elektroniniu-svetainiu-kurimas.lt\/practicus\/wp-content\/uploads\/2025\/04\/breketai-odontologija.jpg');background-size:cover;background-position:51% 62%;background-attachment:scroll;background-repeat:no-repeat;}.kb-row-layout-id1470_b6cf84-2d > .kt-row-layout-overlay{opacity:0.49;background-color:var(--theme-palette-color-2, #61564a);mix-blend-mode:color;}@media all and (max-width: 1024px){.kb-row-layout-id1470_b6cf84-2d > .kt-row-column-wrap{padding-top:var(--global-kb-spacing-sm, 1.5rem);min-height:400px;grid-template-columns:minmax(0, 1fr);}}@media all and (max-width: 767px){.kb-row-layout-id1470_b6cf84-2d > .kt-row-column-wrap{min-height:400px;grid-template-columns:minmax(0, 1fr);}}<\/style><div class=\"kb-row-layout-wrap kb-row-layout-id1470_b6cf84-2d alignfull kt-row-has-bg wp-block-kadence-rowlayout\"><div class=\"kt-row-layout-overlay kt-row-overlay-normal\"><\/div><div class=\"kt-row-column-wrap kt-has-1-columns kt-row-layout-equal kt-tab-layout-inherit kt-mobile-layout-row kt-row-valign-middle\">\n<style>.kadence-column1470_3e6bfa-cb > .kt-inside-inner-col{display:flex;}.kadence-column1470_3e6bfa-cb > .kt-inside-inner-col,.kadence-column1470_3e6bfa-cb > .kt-inside-inner-col:before{border-top-left-radius:0px;border-top-right-radius:0px;border-bottom-right-radius:0px;border-bottom-left-radius:0px;}.kadence-column1470_3e6bfa-cb > .kt-inside-inner-col{column-gap:var(--global-kb-gap-sm, 1rem);}.kadence-column1470_3e6bfa-cb > .kt-inside-inner-col{flex-direction:column;align-items:center;}.kadence-column1470_3e6bfa-cb > .kt-inside-inner-col > .kb-image-is-ratio-size{align-self:stretch;}.kadence-column1470_3e6bfa-cb > .kt-inside-inner-col > .wp-block-kadence-advancedgallery{align-self:stretch;}.kadence-column1470_3e6bfa-cb > .kt-inside-inner-col > .aligncenter{width:100%;}.kadence-column1470_3e6bfa-cb > .kt-inside-inner-col:before{opacity:0.3;}.kadence-column1470_3e6bfa-cb{position:relative;}@media all and (max-width: 1024px){.kadence-column1470_3e6bfa-cb > .kt-inside-inner-col{flex-direction:column;justify-content:center;align-items:center;}}@media all and (max-width: 767px){.kadence-column1470_3e6bfa-cb > .kt-inside-inner-col{flex-direction:column;justify-content:center;align-items:center;}}<\/style>\n<div class=\"wp-block-kadence-column kadence-column1470_3e6bfa-cb\"><div class=\"kt-inside-inner-col\">\n\n<style>.wp-block-kadence-advancedheading.kt-adv-heading1470_9b0ed1-2d, .wp-block-kadence-advancedheading.kt-adv-heading1470_9b0ed1-2d[data-kb-block=\"kb-adv-heading1470_9b0ed1-2d\"]{text-align:center;font-style:normal;text-transform:none;}.wp-block-kadence-advancedheading.kt-adv-heading1470_9b0ed1-2d mark.kt-highlight, .wp-block-kadence-advancedheading.kt-adv-heading1470_9b0ed1-2d[data-kb-block=\"kb-adv-heading1470_9b0ed1-2d\"] mark.kt-highlight{font-style:normal;color:#f76a0c;-webkit-box-decoration-break:clone;box-decoration-break:clone;padding-top:0px;padding-right:0px;padding-bottom:0px;padding-left:0px;}<\/style>\n<h1 class=\"kt-adv-heading1470_9b0ed1-2d wp-block-kadence-advancedheading has-palette-color-8-color has-text-color\" data-kb-block=\"kb-adv-heading1470_9b0ed1-2d\">Breketai<\/h1>\n<\/div><\/div>\n\n<\/div><\/div>\n\n<style>.kb-row-layout-id1470_73126d-cf > .kt-row-column-wrap{align-content:start;}:where(.kb-row-layout-id1470_73126d-cf > .kt-row-column-wrap) > .wp-block-kadence-column{justify-content:start;}.kb-row-layout-id1470_73126d-cf > .kt-row-column-wrap{column-gap:var(--global-kb-gap-md, 2rem);row-gap:var(--global-kb-gap-md, 2rem);padding-top:var(--global-kb-spacing-xl, 4rem);grid-template-columns:repeat(2, minmax(0, 1fr));}.kb-row-layout-id1470_73126d-cf > .kt-row-layout-overlay{opacity:0.30;}@media all and (max-width: 1024px){.kb-row-layout-id1470_73126d-cf > .kt-row-column-wrap{grid-template-columns:repeat(2, minmax(0, 1fr));}}@media all and (max-width: 767px){.kb-row-layout-id1470_73126d-cf > .kt-row-column-wrap{grid-template-columns:minmax(0, 1fr);}}<\/style><div class=\"kb-row-layout-wrap kb-row-layout-id1470_73126d-cf alignnone wp-block-kadence-rowlayout\"><div class=\"kt-row-column-wrap kt-has-2-columns kt-row-layout-equal kt-tab-layout-inherit kt-mobile-layout-row kt-row-valign-top\">\n<style>.kadence-column1470_f60481-58 > .kt-inside-inner-col,.kadence-column1470_f60481-58 > .kt-inside-inner-col:before{border-top-left-radius:0px;border-top-right-radius:0px;border-bottom-right-radius:0px;border-bottom-left-radius:0px;}.kadence-column1470_f60481-58 > .kt-inside-inner-col{column-gap:var(--global-kb-gap-sm, 1rem);}.kadence-column1470_f60481-58 > .kt-inside-inner-col{flex-direction:column;}.kadence-column1470_f60481-58 > .kt-inside-inner-col > .aligncenter{width:100%;}.kadence-column1470_f60481-58 > .kt-inside-inner-col:before{opacity:0.3;}.kadence-column1470_f60481-58{position:relative;}@media all and (max-width: 1024px){.kadence-column1470_f60481-58 > .kt-inside-inner-col{flex-direction:column;justify-content:center;}}@media all and (max-width: 767px){.kadence-column1470_f60481-58 > .kt-inside-inner-col{flex-direction:column;justify-content:center;}}<\/style>\n<div class=\"wp-block-kadence-column kadence-column1470_f60481-58\"><div class=\"kt-inside-inner-col\"><style>.wp-block-kadence-advancedheading.kt-adv-heading1470_4c36c3-47, .wp-block-kadence-advancedheading.kt-adv-heading1470_4c36c3-47[data-kb-block=\"kb-adv-heading1470_4c36c3-47\"]{font-size:30px;font-style:normal;}.wp-block-kadence-advancedheading.kt-adv-heading1470_4c36c3-47 mark.kt-highlight, .wp-block-kadence-advancedheading.kt-adv-heading1470_4c36c3-47[data-kb-block=\"kb-adv-heading1470_4c36c3-47\"] mark.kt-highlight{font-style:normal;color:#f76a0c;-webkit-box-decoration-break:clone;box-decoration-break:clone;padding-top:0px;padding-right:0px;padding-bottom:0px;padding-left:0px;}@media all and (max-width: 767px){.wp-block-kadence-advancedheading.kt-adv-heading1470_4c36c3-47, .wp-block-kadence-advancedheading.kt-adv-heading1470_4c36c3-47[data-kb-block=\"kb-adv-heading1470_4c36c3-47\"]{text-align:left!important;}}<\/style>\n<h2 class=\"kt-adv-heading1470_4c36c3-47 wp-block-kadence-advancedheading\" data-kb-block=\"kb-adv-heading1470_4c36c3-47\">breketai<\/h2>\n\n\n<style>.wp-block-kadence-advancedheading.kt-adv-heading1470_7ff33a-a8, .wp-block-kadence-advancedheading.kt-adv-heading1470_7ff33a-a8[data-kb-block=\"kb-adv-heading1470_7ff33a-a8\"]{font-size:var(--global-kb-font-size-md, 1.25rem);font-style:normal;}.wp-block-kadence-advancedheading.kt-adv-heading1470_7ff33a-a8 mark.kt-highlight, .wp-block-kadence-advancedheading.kt-adv-heading1470_7ff33a-a8[data-kb-block=\"kb-adv-heading1470_7ff33a-a8\"] mark.kt-highlight{font-style:normal;color:#f76a0c;-webkit-box-decoration-break:clone;box-decoration-break:clone;padding-top:0px;padding-right:0px;padding-bottom:0px;padding-left:0px;}@media all and (max-width: 767px){.wp-block-kadence-advancedheading.kt-adv-heading1470_7ff33a-a8, .wp-block-kadence-advancedheading.kt-adv-heading1470_7ff33a-a8[data-kb-block=\"kb-adv-heading1470_7ff33a-a8\"]{font-size:var(--global-kb-font-size-md, 1.25rem);text-align:left!important;}}<\/style>\n<h3 class=\"kt-adv-heading1470_7ff33a-a8 wp-block-kadence-advancedheading\" data-kb-block=\"kb-adv-heading1470_7ff33a-a8\">Metaliniai breketai<\/h3>\n\n\n<style>.wp-block-kadence-advancedheading.kt-adv-heading1470_927304-c2, .wp-block-kadence-advancedheading.kt-adv-heading1470_927304-c2[data-kb-block=\"kb-adv-heading1470_927304-c2\"]{font-style:normal;}.wp-block-kadence-advancedheading.kt-adv-heading1470_927304-c2 mark.kt-highlight, .wp-block-kadence-advancedheading.kt-adv-heading1470_927304-c2[data-kb-block=\"kb-adv-heading1470_927304-c2\"] mark.kt-highlight{font-style:normal;color:#f76a0c;-webkit-box-decoration-break:clone;box-decoration-break:clone;padding-top:0px;padding-right:0px;padding-bottom:0px;padding-left:0px;}@media all and (max-width: 767px){.wp-block-kadence-advancedheading.kt-adv-heading1470_927304-c2, .wp-block-kadence-advancedheading.kt-adv-heading1470_927304-c2[data-kb-block=\"kb-adv-heading1470_927304-c2\"]{text-align:left!important;}}<\/style>\n<p class=\"kt-adv-heading1470_927304-c2 wp-block-kadence-advancedheading\" data-kb-block=\"kb-adv-heading1470_927304-c2\">Tinkamiausias laikas prad\u0117ti ortodontin\u012f gydym\u0105 breketais-&nbsp;12-13 metai. \u0160iame am\u017eiuje paprastai jau sudyg\u0119 visi nuolatiniai dantys. Tam tikrais atvejais breketai taikomi ir mi\u0161riame s\u0105kandyje (kai burnos ertm\u0117je dar yra pienini\u0173 dant\u0173).<\/p>\n\n\n<style>.wp-block-kadence-advancedheading.kt-adv-heading1470_98bcc0-58, .wp-block-kadence-advancedheading.kt-adv-heading1470_98bcc0-58[data-kb-block=\"kb-adv-heading1470_98bcc0-58\"]{font-style:normal;}.wp-block-kadence-advancedheading.kt-adv-heading1470_98bcc0-58 mark.kt-highlight, .wp-block-kadence-advancedheading.kt-adv-heading1470_98bcc0-58[data-kb-block=\"kb-adv-heading1470_98bcc0-58\"] mark.kt-highlight{font-style:normal;color:#f76a0c;-webkit-box-decoration-break:clone;box-decoration-break:clone;padding-top:0px;padding-right:0px;padding-bottom:0px;padding-left:0px;}@media all and (max-width: 767px){.wp-block-kadence-advancedheading.kt-adv-heading1470_98bcc0-58, .wp-block-kadence-advancedheading.kt-adv-heading1470_98bcc0-58[data-kb-block=\"kb-adv-heading1470_98bcc0-58\"]{text-align:left!important;}}<\/style>\n<p class=\"kt-adv-heading1470_98bcc0-58 wp-block-kadence-advancedheading\" data-kb-block=\"kb-adv-heading1470_98bcc0-58\">Metaliniai breketai&nbsp;&#8211; tai da\u017eniausiai naudojama breket\u0173 r\u016b\u0161is. Metaliniai breketai gali skirtis dyd\u017eiu, patogumu bei kitomis vidin\u0117mis savyb\u0117mis. Pasirinkus \u0161\u012f gydymo b\u016bd\u0105 rezultat\u0173 tenka laukti nuo 1,5 iki 2 met\u0173. Taikant ortodontin\u012f gydym\u0105, pacientai kas m\u0117nes\u012f turi atvykti ap\u017ei\u016brai pas savo gydytoj\u0105 odontolog\u0105 ortodont\u0105. Tai da\u017eniausiai naudojama breket\u0173 r\u016b\u0161is. Metaliniai breketai gali skirtis dyd\u017eiu, patogumu bei kitomis vidin\u0117mis savyb\u0117mis.<\/p>\n<\/div><\/div>\n\n\n<style>.kadence-column1470_87ddf1-d3 > .kt-inside-inner-col,.kadence-column1470_87ddf1-d3 > .kt-inside-inner-col:before{border-top-left-radius:0px;border-top-right-radius:0px;border-bottom-right-radius:0px;border-bottom-left-radius:0px;}.kadence-column1470_87ddf1-d3 > .kt-inside-inner-col{column-gap:var(--global-kb-gap-sm, 1rem);}.kadence-column1470_87ddf1-d3 > .kt-inside-inner-col{flex-direction:column;}.kadence-column1470_87ddf1-d3 > .kt-inside-inner-col > .aligncenter{width:100%;}.kadence-column1470_87ddf1-d3 > .kt-inside-inner-col:before{opacity:0.3;}.kadence-column1470_87ddf1-d3{position:relative;}@media all and (max-width: 1024px){.kadence-column1470_87ddf1-d3 > .kt-inside-inner-col{flex-direction:column;justify-content:center;}}@media all and (max-width: 767px){.kadence-column1470_87ddf1-d3 > .kt-inside-inner-col{flex-direction:column;justify-content:center;}}<\/style>\n<div class=\"wp-block-kadence-column kadence-column1470_87ddf1-d3\"><div class=\"kt-inside-inner-col\"><style>.kb-image1470_533f08-bc .kb-image-has-overlay:after{opacity:0.3;}<\/style>\n<figure class=\"wp-block-kadence-image kb-image1470_533f08-bc size-large\"><img loading=\"lazy\" decoding=\"async\" width=\"1024\" height=\"682\" src=\"https:\/\/elektroniniu-svetainiu-kurimas.lt\/practicus\/wp-content\/uploads\/2025\/04\/full-breketai-1024x682.jpg\" alt=\"\" class=\"kb-img wp-image-1774\" srcset=\"https:\/\/elektroniniu-svetainiu-kurimas.lt\/practicus\/wp-content\/uploads\/2025\/04\/full-breketai-1024x682.jpg 1024w, https:\/\/elektroniniu-svetainiu-kurimas.lt\/practicus\/wp-content\/uploads\/2025\/04\/full-breketai-300x200.jpg 300w, https:\/\/elektroniniu-svetainiu-kurimas.lt\/practicus\/wp-content\/uploads\/2025\/04\/full-breketai-768x512.jpg 768w, https:\/\/elektroniniu-svetainiu-kurimas.lt\/practicus\/wp-content\/uploads\/2025\/04\/full-breketai.jpg 1100w\" sizes=\"auto, (max-width: 1024px) 100vw, 1024px\" \/><\/figure>\n<\/div><\/div>\n\n<\/div><\/div>\n\n<style>.kb-row-layout-id1470_7dd62d-4a > .kt-row-column-wrap{align-content:start;}:where(.kb-row-layout-id1470_7dd62d-4a > .kt-row-column-wrap) > .wp-block-kadence-column{justify-content:start;}.kb-row-layout-id1470_7dd62d-4a > .kt-row-column-wrap{column-gap:var(--global-kb-gap-md, 2rem);row-gap:var(--global-kb-gap-md, 2rem);padding-top:var(--global-kb-spacing-sm, 1.5rem);padding-bottom:var(--global-kb-spacing-sm, 1.5rem);grid-template-columns:minmax(0, 1fr);}.kb-row-layout-id1470_7dd62d-4a > .kt-row-layout-overlay{opacity:0.30;}@media all and (max-width: 1024px){.kb-row-layout-id1470_7dd62d-4a > .kt-row-column-wrap{grid-template-columns:minmax(0, 1fr);}}@media all and (max-width: 767px){.kb-row-layout-id1470_7dd62d-4a > .kt-row-column-wrap{grid-template-columns:minmax(0, 1fr);}}<\/style><div class=\"kb-row-layout-wrap kb-row-layout-id1470_7dd62d-4a alignnone wp-block-kadence-rowlayout\"><div class=\"kt-row-column-wrap kt-has-1-columns kt-row-layout-equal kt-tab-layout-inherit kt-mobile-layout-row kt-row-valign-top\">\n<style>.kadence-column1470_eeeede-56 > .kt-inside-inner-col,.kadence-column1470_eeeede-56 > .kt-inside-inner-col:before{border-top-left-radius:0px;border-top-right-radius:0px;border-bottom-right-radius:0px;border-bottom-left-radius:0px;}.kadence-column1470_eeeede-56 > .kt-inside-inner-col{column-gap:var(--global-kb-gap-sm, 1rem);}.kadence-column1470_eeeede-56 > .kt-inside-inner-col{flex-direction:column;}.kadence-column1470_eeeede-56 > .kt-inside-inner-col > .aligncenter{width:100%;}.kadence-column1470_eeeede-56 > .kt-inside-inner-col:before{opacity:0.3;}.kadence-column1470_eeeede-56{position:relative;}@media all and (max-width: 1024px){.kadence-column1470_eeeede-56 > .kt-inside-inner-col{flex-direction:column;justify-content:center;}}@media all and (max-width: 767px){.kadence-column1470_eeeede-56 > .kt-inside-inner-col{flex-direction:column;justify-content:center;}}<\/style>\n<div class=\"wp-block-kadence-column kadence-column1470_eeeede-56\"><div class=\"kt-inside-inner-col\"><style>.wp-block-kadence-advancedheading.kt-adv-heading1470_8c0ac1-3c, .wp-block-kadence-advancedheading.kt-adv-heading1470_8c0ac1-3c[data-kb-block=\"kb-adv-heading1470_8c0ac1-3c\"]{font-size:var(--global-kb-font-size-md, 1.25rem);font-style:normal;}.wp-block-kadence-advancedheading.kt-adv-heading1470_8c0ac1-3c mark.kt-highlight, .wp-block-kadence-advancedheading.kt-adv-heading1470_8c0ac1-3c[data-kb-block=\"kb-adv-heading1470_8c0ac1-3c\"] mark.kt-highlight{font-style:normal;color:#f76a0c;-webkit-box-decoration-break:clone;box-decoration-break:clone;padding-top:0px;padding-right:0px;padding-bottom:0px;padding-left:0px;}@media all and (max-width: 767px){.wp-block-kadence-advancedheading.kt-adv-heading1470_8c0ac1-3c, .wp-block-kadence-advancedheading.kt-adv-heading1470_8c0ac1-3c[data-kb-block=\"kb-adv-heading1470_8c0ac1-3c\"]{font-size:var(--global-kb-font-size-md, 1.25rem);}}<\/style>\n<h3 class=\"kt-adv-heading1470_8c0ac1-3c wp-block-kadence-advancedheading\" data-kb-block=\"kb-adv-heading1470_8c0ac1-3c\">Keramikiniai breketai<\/h3>\n\n\n<style>.wp-block-kadence-advancedheading.kt-adv-heading1470_db6c40-52, .wp-block-kadence-advancedheading.kt-adv-heading1470_db6c40-52[data-kb-block=\"kb-adv-heading1470_db6c40-52\"]{font-style:normal;}.wp-block-kadence-advancedheading.kt-adv-heading1470_db6c40-52 mark.kt-highlight, .wp-block-kadence-advancedheading.kt-adv-heading1470_db6c40-52[data-kb-block=\"kb-adv-heading1470_db6c40-52\"] mark.kt-highlight{font-style:normal;color:#f76a0c;-webkit-box-decoration-break:clone;box-decoration-break:clone;padding-top:0px;padding-right:0px;padding-bottom:0px;padding-left:0px;}<\/style>\n<p class=\"kt-adv-heading1470_db6c40-52 wp-block-kadence-advancedheading\" data-kb-block=\"kb-adv-heading1470_db6c40-52\">Pastaruoju metu vis daugiau pacient\u0173 pageidauja estetini\u0173 breket\u0173.&nbsp;Taikomi pacientams, kurie d\u0117l tam tikr\u0173 psichologini\u0173 veiksni\u0173 nenori metalini\u0173 breket\u0173.<\/p>\n\n\n<style>.wp-block-kadence-advancedheading.kt-adv-heading1470_f9b4a3-f5, .wp-block-kadence-advancedheading.kt-adv-heading1470_f9b4a3-f5[data-kb-block=\"kb-adv-heading1470_f9b4a3-f5\"]{font-style:normal;}.wp-block-kadence-advancedheading.kt-adv-heading1470_f9b4a3-f5 mark.kt-highlight, .wp-block-kadence-advancedheading.kt-adv-heading1470_f9b4a3-f5[data-kb-block=\"kb-adv-heading1470_f9b4a3-f5\"] mark.kt-highlight{font-style:normal;color:#f76a0c;-webkit-box-decoration-break:clone;box-decoration-break:clone;padding-top:0px;padding-right:0px;padding-bottom:0px;padding-left:0px;}<\/style>\n<p class=\"kt-adv-heading1470_f9b4a3-f5 wp-block-kadence-advancedheading\" data-kb-block=\"kb-adv-heading1470_f9b4a3-f5\">\u0160ie breketai ma\u017eiau pastebimi, tod\u0117l itin populiar\u016bs suaugusi\u0173j\u0173 pacient\u0173 tarpe. Keramikinius breketus galima klijuoti&nbsp;ant viso dant\u0173 lanko arba tik ant labiau matom\u0173 (priekini\u0173) dant\u0173, tuo atveju ant ma\u017eiau pastebim\u0173 \u0161onini\u0173 dant\u0173 dedami metaliniai breketai. Ta\u010diau turi ir tr\u016bkum\u0173. Ortodontinis gydymas keramikiniais breketais u\u017etrunka keliais m\u0117nesiais ilgiau nei metaliniais. Nul\u016b\u017eus\u012f keramikin\u012f breket\u0105, prie\u0161ingai nei metalin\u012f, tenka keisti nauju. Keramikiniai breketai yra brangesni nei metaliniai. Keramikinis breketas gali \u012fskilti, tuomet j\u012f reikia pakeisti nauju. \u0160iuos breketus sud\u0117tingiau nuimti nei metalinius.<\/p>\n\n\n<style>.wp-block-kadence-advancedheading.kt-adv-heading1470_d9c21e-83, .wp-block-kadence-advancedheading.kt-adv-heading1470_d9c21e-83[data-kb-block=\"kb-adv-heading1470_d9c21e-83\"]{font-style:normal;}.wp-block-kadence-advancedheading.kt-adv-heading1470_d9c21e-83 mark.kt-highlight, .wp-block-kadence-advancedheading.kt-adv-heading1470_d9c21e-83[data-kb-block=\"kb-adv-heading1470_d9c21e-83\"] mark.kt-highlight{font-style:normal;color:#f76a0c;-webkit-box-decoration-break:clone;box-decoration-break:clone;padding-top:0px;padding-right:0px;padding-bottom:0px;padding-left:0px;}<\/style>\n<p class=\"kt-adv-heading1470_d9c21e-83 wp-block-kadence-advancedheading\" data-kb-block=\"kb-adv-heading1470_d9c21e-83\">Gydymas skaidriais Inspire ice breketais. \u0160ie breketai yra pagaminti i\u0161 skaidraus kaip kri\u0161tolas safyro, kurio d\u0117ka \u0161ie breketai yra minimaliai pastebimi.<\/p>\n\n\n<style>.wp-block-kadence-advancedheading.kt-adv-heading1470_56634b-2e, .wp-block-kadence-advancedheading.kt-adv-heading1470_56634b-2e[data-kb-block=\"kb-adv-heading1470_56634b-2e\"]{font-style:normal;}.wp-block-kadence-advancedheading.kt-adv-heading1470_56634b-2e mark.kt-highlight, .wp-block-kadence-advancedheading.kt-adv-heading1470_56634b-2e[data-kb-block=\"kb-adv-heading1470_56634b-2e\"] mark.kt-highlight{font-style:normal;color:#f76a0c;-webkit-box-decoration-break:clone;box-decoration-break:clone;padding-top:0px;padding-right:0px;padding-bottom:0px;padding-left:0px;}<\/style>\n<p class=\"kt-adv-heading1470_56634b-2e wp-block-kadence-advancedheading\" data-kb-block=\"kb-adv-heading1470_56634b-2e\">NAUJIENA &#8211; Savaime u\u017esirakinantys breketai \u2013 DAMON sistema<\/p>\n\n\n<style>.wp-block-kadence-advancedheading.kt-adv-heading1470_7faee7-5c, .wp-block-kadence-advancedheading.kt-adv-heading1470_7faee7-5c[data-kb-block=\"kb-adv-heading1470_7faee7-5c\"]{font-style:normal;}.wp-block-kadence-advancedheading.kt-adv-heading1470_7faee7-5c mark.kt-highlight, .wp-block-kadence-advancedheading.kt-adv-heading1470_7faee7-5c[data-kb-block=\"kb-adv-heading1470_7faee7-5c\"] mark.kt-highlight{font-style:normal;color:#f76a0c;-webkit-box-decoration-break:clone;box-decoration-break:clone;padding-top:0px;padding-right:0px;padding-bottom:0px;padding-left:0px;}<\/style>\n<p class=\"kt-adv-heading1470_7faee7-5c wp-block-kadence-advancedheading\" data-kb-block=\"kb-adv-heading1470_7faee7-5c\">Taikoma pati naujausia gydymo technologija \u2013 savaime u\u017esirakinantys breketai DAMON III sistema. Juos naudojant re\u010diau tenka \u0161alinti dantis, re\u010diau reikia vykti pas ortodont\u0105 pasitikrinti. \u0160is gydymas trunka trumpiau nei gydymas metaliniais ar keraminiais breketais.<\/p>\n\n\n<style>.wp-block-kadence-advancedheading.kt-adv-heading1470_3580fd-64, .wp-block-kadence-advancedheading.kt-adv-heading1470_3580fd-64[data-kb-block=\"kb-adv-heading1470_3580fd-64\"]{font-size:var(--global-kb-font-size-md, 1.25rem);font-style:normal;}.wp-block-kadence-advancedheading.kt-adv-heading1470_3580fd-64 mark.kt-highlight, .wp-block-kadence-advancedheading.kt-adv-heading1470_3580fd-64[data-kb-block=\"kb-adv-heading1470_3580fd-64\"] mark.kt-highlight{font-style:normal;color:#f76a0c;-webkit-box-decoration-break:clone;box-decoration-break:clone;padding-top:0px;padding-right:0px;padding-bottom:0px;padding-left:0px;}@media all and (max-width: 767px){.wp-block-kadence-advancedheading.kt-adv-heading1470_3580fd-64, .wp-block-kadence-advancedheading.kt-adv-heading1470_3580fd-64[data-kb-block=\"kb-adv-heading1470_3580fd-64\"]{font-size:var(--global-kb-font-size-md, 1.25rem);}}<\/style>\n<h3 class=\"kt-adv-heading1470_3580fd-64 wp-block-kadence-advancedheading\" data-kb-block=\"kb-adv-heading1470_3580fd-64\">NAUJIENA &#8211; BELIGAT\u016aRIAI BREKETAI<\/h3>\n\n\n<style>.wp-block-kadence-advancedheading.kt-adv-heading1470_4de1f6-25, .wp-block-kadence-advancedheading.kt-adv-heading1470_4de1f6-25[data-kb-block=\"kb-adv-heading1470_4de1f6-25\"]{font-style:normal;}.wp-block-kadence-advancedheading.kt-adv-heading1470_4de1f6-25 mark.kt-highlight, .wp-block-kadence-advancedheading.kt-adv-heading1470_4de1f6-25[data-kb-block=\"kb-adv-heading1470_4de1f6-25\"] mark.kt-highlight{font-style:normal;color:#f76a0c;-webkit-box-decoration-break:clone;box-decoration-break:clone;padding-top:0px;padding-right:0px;padding-bottom:0px;padding-left:0px;}<\/style>\n<p class=\"kt-adv-heading1470_4de1f6-25 wp-block-kadence-advancedheading\" data-kb-block=\"kb-adv-heading1470_4de1f6-25\">Ortodontin\u0117 viela \u0161iuose breketuose fiksuojama speciali\u0173 brekete esan\u010di\u0173 dureli\u0173 pagalba, tod\u0117l viela neprispaud\u017eiama kaip \u012fprastai, tokiu b\u016bdu sistemoje ma\u017e\u0117ja trintis, dantims jud\u0117ti naudojama ma\u017eesn\u0117 j\u0117ga.&nbsp;\u0160ie breketai turi ma\u017eesn\u0119 trint\u012f, tod\u0117l ortodontinis gydymas trunka trumpiau nei gydant standartin\u0117mis breket\u0173 sistemomis. Gydant beligat\u016briniais breketais, dantis tenka \u0161alinti re\u010diau nei naudojant standartines breket\u0173 sistemas. Pacientai, gydomi beligat\u016brine breket\u0173 sistema, pas gydytoj\u0105-ortodont\u0105 lankosi re\u010diau nei \u012fprastai&nbsp;(pakartotinei ap\u017ei\u016brai reikia atvykti kart\u0105 \u012f 1,5-2m\u0117n, tuo tarpu taikant standartines breket\u0173 sistemas vidutinis laikas tarp vizit\u0173- 1m\u0117n).<\/p>\n<\/div><\/div>\n\n<\/div><\/div>","protected":false},"excerpt":{"rendered":"<p>Breketai breketai Metaliniai breketai Tinkamiausias laikas prad\u0117ti ortodontin\u012f gydym\u0105 breketais-&nbsp;12-13 metai. \u0160iame am\u017eiuje paprastai jau sudyg\u0119 visi nuolatiniai dantys. Tam tikrais atvejais breketai taikomi ir mi\u0161riame s\u0105kandyje (kai burnos ertm\u0117je dar yra pienini\u0173 dant\u0173). Metaliniai breketai&nbsp;&#8211; tai da\u017eniausiai naudojama breket\u0173 r\u016b\u0161is. Metaliniai breketai gali skirtis dyd\u017eiu, patogumu bei kitomis vidin\u0117mis savyb\u0117mis. Pasirinkus \u0161\u012f gydymo b\u016bd\u0105 [&hellip;]<\/p>\n","protected":false},"author":3,"featured_media":0,"parent":0,"menu_order":0,"comment_status":"closed","ping_status":"closed","template":"","meta":{"_gspb_post_css":"","_kad_blocks_custom_css":"","_kad_blocks_head_custom_js":"","_kad_blocks_body_custom_js":"","_kad_blocks_footer_custom_js":"","footnotes":""},"class_list":["post-1470","page","type-page","status-publish","hentry"],"blocksy_meta":{"vertical_spacing_source":"custom","content_area_spacing":"bottom","styles_descriptor":{"styles":{"desktop":"","tablet":"","mobile":""},"google_fonts":[],"version":6},"has_hero_section":"disabled"},"taxonomy_info":[],"featured_image_src_large":false,"author_info":{"display_name":"Wyganp","author_link":"https:\/\/elektroniniu-svetainiu-kurimas.lt\/practicus\/author\/wyganp\/"},"comment_info":0,"_links":{"self":[{"href":"https:\/\/elektroniniu-svetainiu-kurimas.lt\/practicus\/wp-json\/wp\/v2\/pages\/1470","targetHints":{"allow":["GET"]}}],"collection":[{"href":"https:\/\/elektroniniu-svetainiu-kurimas.lt\/practicus\/wp-json\/wp\/v2\/pages"}],"about":[{"href":"https:\/\/elektroniniu-svetainiu-kurimas.lt\/practicus\/wp-json\/wp\/v2\/types\/page"}],"author":[{"embeddable":true,"href":"https:\/\/elektroniniu-svetainiu-kurimas.lt\/practicus\/wp-json\/wp\/v2\/users\/3"}],"replies":[{"embeddable":true,"href":"https:\/\/elektroniniu-svetainiu-kurimas.lt\/practicus\/wp-json\/wp\/v2\/comments?post=1470"}],"version-history":[{"count":21,"href":"https:\/\/elektroniniu-svetainiu-kurimas.lt\/practicus\/wp-json\/wp\/v2\/pages\/1470\/revisions"}],"predecessor-version":[{"id":2122,"href":"https:\/\/elektroniniu-svetainiu-kurimas.lt\/practicus\/wp-json\/wp\/v2\/pages\/1470\/revisions\/2122"}],"wp:attachment":[{"href":"https:\/\/elektroniniu-svetainiu-kurimas.lt\/practicus\/wp-json\/wp\/v2\/media?parent=1470"}],"curies":[{"name":"wp","href":"https:\/\/api.w.org\/{rel}","templated":true}]}}